{"id":1327,"date":"2021-01-14T05:57:34","date_gmt":"2021-01-14T05:57:34","guid":{"rendered":"https:\/\/urgentactionsisterfunds.org\/videos\/"},"modified":"2021-06-11T20:06:34","modified_gmt":"2021-06-11T20:06:34","slug":"videos","status":"publish","type":"page","link":"https:\/\/urgentactionsisterfunds.org\/pt-br\/videos\/","title":{"rendered":"videos"},"content":{"rendered":"<p>[et_pb_section fb_built=&#8221;1&#8243; module_id=&#8221;ourprinciples&#8221; _builder_version=&#8221;4.6.3&#8243; _module_preset=&#8221;default&#8221; background_enable_image=&#8221;off&#8221; custom_margin=&#8221;||0px||false|false&#8221; custom_padding=&#8221;||0px||false|false&#8221;][et_pb_row _builder_version=&#8221;4.6.3&#8243; _module_preset=&#8221;default&#8221;][et_pb_column type=&#8221;4_4&#8243; _builder_version=&#8221;4.6.3&#8243; _module_preset=&#8221;default&#8221;][et_pb_text _builder_version=&#8221;4.7.4&#8243; _module_preset=&#8221;default&#8221; text_font=&#8221;Assistant|600|||||||&#8221; text_text_color=&#8221;#100a33&#8243; text_font_size=&#8221;18px&#8221; text_line_height=&#8221;3em&#8221; header_2_font=&#8221;Assistant|800|||||||&#8221; header_2_text_color=&#8221;#100a33&#8243; header_2_font_size=&#8221;45px&#8221; header_4_font=&#8221;|600|||||||&#8221; header_4_text_color=&#8221;#c64631&#8243;]<\/p>\n<h4 style=\"text-align: center\">VIDEOS<\/h4>\n<p style=\"text-align: center\">#Jogue e assista aos nossos v\u00eddeos criados em conjunto<\/p>\n<p>[\/et_pb_text][\/et_pb_column][\/et_pb_row][\/et_pb_section][et_pb_section fb_built=&#8221;1&#8243; _builder_version=&#8221;4.6.3&#8243; _module_preset=&#8221;default&#8221; background_image=&#8221;https:\/\/urgentactionsisterfunds.org\/wp-content\/uploads\/2020\/09\/fondoblue.png&#8221; custom_margin=&#8221;||||false|false&#8221; custom_padding=&#8221;||||false|false&#8221;][et_pb_row _builder_version=&#8221;4.7.4&#8243; _module_preset=&#8221;default&#8221;][et_pb_column _builder_version=&#8221;4.7.4&#8243; _module_preset=&#8221;default&#8221; type=&#8221;4_4&#8243;][et_pb_blog fullwidth=&#8221;off&#8221; include_categories=&#8221;39&#8243; excerpt_length=&#8221;0&#8243; show_more=&#8221;on&#8221; show_author=&#8221;off&#8221; show_categories=&#8221;off&#8221; _builder_version=&#8221;4.7.4&#8243; _module_preset=&#8221;default&#8221; read_more_font=&#8221;|700||on|||||&#8221; read_more_text_color=&#8221;#851935&#8243; hover_enabled=&#8221;0&#8243; sticky_enabled=&#8221;0&#8243;][\/et_pb_blog][\/et_pb_column][\/et_pb_row][et_pb_row _builder_version=&#8221;4.6.3&#8243; _module_preset=&#8221;default&#8221;][et_pb_column type=&#8221;4_4&#8243; _builder_version=&#8221;4.6.3&#8243; _module_preset=&#8221;default&#8221;][et_pb_button button_url=&#8221;https:\/\/urgentactionsisterfunds.org\/pt-br\/&#8221; button_text=&#8221;RETORNA&#8221; button_alignment=&#8221;center&#8221; button_alignment_tablet=&#8221;&#8221; button_alignment_phone=&#8221;center&#8221; button_alignment_last_edited=&#8221;on|phone&#8221; _builder_version=&#8221;4.6.3&#8243; _module_preset=&#8221;default&#8221; custom_button=&#8221;on&#8221; button_text_size=&#8221;23px&#8221; button_text_color=&#8221;#FFFFFF&#8221; button_bg_color=&#8221;#851935&#8243; button_border_color=&#8221;#851935&#8243; button_font=&#8221;Assistant|700|||||||&#8221; custom_margin=&#8221;|||70px|false|false&#8221; custom_margin_tablet=&#8221;&#8221; custom_margin_phone=&#8221;|||0px|false|false&#8221; custom_margin_last_edited=&#8221;on|phone&#8221; custom_padding=&#8221;15px|35px|15px|35px|true|true&#8221;][\/et_pb_button][\/et_pb_column][\/et_pb_row][\/et_pb_section][et_pb_section fb_built=&#8221;1&#8243; _builder_version=&#8221;4.6.3&#8243; _module_preset=&#8221;default&#8221; background_color=&#8221;#cccccc&#8221; custom_margin=&#8221;0px||||false|false&#8221; custom_padding=&#8221;0px||30px||false|false&#8221;][et_pb_row column_structure=&#8221;3_5,1_5,1_5&#8243; _builder_version=&#8221;4.6.3&#8243; _module_preset=&#8221;default&#8221;][et_pb_column type=&#8221;3_5&#8243; _builder_version=&#8221;4.6.3&#8243; _module_preset=&#8221;default&#8221;][et_pb_image src=&#8221;https:\/\/urgentactionsisterfunds.org\/wp-content\/uploads\/2020\/09\/logo-uaf-1.png&#8221; title_text=&#8221;logo-uaf&#8221; _builder_version=&#8221;4.6.3&#8243; _module_preset=&#8221;default&#8221; width=&#8221;58%&#8221; width_tablet=&#8221;&#8221; width_phone=&#8221;100%&#8221; width_last_edited=&#8221;on|phone&#8221; custom_margin=&#8221;0px||0px||false|false&#8221;][\/et_pb_image][\/et_pb_column][et_pb_column type=&#8221;1_5&#8243; _builder_version=&#8221;4.6.3&#8243; _module_preset=&#8221;default&#8221;][et_pb_text _builder_version=&#8221;4.6.3&#8243; _module_preset=&#8221;default&#8221; text_font=&#8221;|600|||||||&#8221; text_text_color=&#8221;#000000&#8243; link_text_color=&#8221;#000000&#8243; width_tablet=&#8221;&#8221; width_phone=&#8221;&#8221; width_last_edited=&#8221;on|phone&#8221; custom_margin=&#8221;20px||||false|false&#8221;]<\/p>\n<p><a href=\"http:\/\/urgentactionsisterfunds.org\/#herstory\">hist\u00f3ria<\/a><\/p>\n<p><a href=\"http:\/\/urgentactionsisterfunds.org\/#our%20principles\">nossos princ\u00edpios<\/a><\/p>\n<p><a href=\"http:\/\/urgentactionsisterfunds.org\/#global%20mapping\">mapeamento global<\/a><\/p>\n<p>[\/et_pb_text][\/et_pb_column][et_pb_column type=&#8221;1_5&#8243; _builder_version=&#8221;4.6.3&#8243; _module_preset=&#8221;default&#8221;][et_pb_text _builder_version=&#8221;4.6.3&#8243; _module_preset=&#8221;default&#8221; link_font=&#8221;|600|||||||&#8221; link_text_color=&#8221;#000000&#8243; width_tablet=&#8221;&#8221; width_phone=&#8221;&#8221; width_last_edited=&#8221;on|phone&#8221; max_width_tablet=&#8221;&#8221; max_width_phone=&#8221;&#8221; max_width_last_edited=&#8221;on|phone&#8221; custom_margin=&#8221;40px||||false|false&#8221; custom_margin_tablet=&#8221;&#8221; custom_margin_phone=&#8221;0px||||false|false&#8221; custom_margin_last_edited=&#8221;on|phone&#8221;]<\/p>\n<p><a href=\"http:\/\/urgentactionsisterfunds.org\/\">MAPA DO SITE<\/a><\/p>\n<p><a href=\"http:\/\/urgentactionsisterfunds.org\/\">POL\u00cdTICA DE PRIVACIDADE<\/a><\/p>\n<p>[\/et_pb_text][\/et_pb_column][\/et_pb_row][\/et_pb_section]<\/p>\n","protected":false},"excerpt":{"rendered":"<p>VIDEOS #Jogue e assista aos nossos v\u00eddeos criados em conjuntohist\u00f3ria nossos princ\u00edpios mapeamento globalMAPA DO SITE POL\u00cdTICA DE PRIVACIDADE<\/p>\n","protected":false},"author":2,"featured_media":0,"parent":0,"menu_order":0,"comment_status":"closed","ping_status":"closed","template":"","meta":{"_et_pb_use_builder":"on","_et_pb_old_content":"","_et_gb_content_width":"","footnotes":""},"class_list":["post-1327","page","type-page","status-publish","hentry"],"_links":{"self":[{"href":"https:\/\/urgentactionsisterfunds.org\/pt-br\/wp-json\/wp\/v2\/pages\/1327","targetHints":{"allow":["GET"]}}],"collection":[{"href":"https:\/\/urgentactionsisterfunds.org\/pt-br\/wp-json\/wp\/v2\/pages"}],"about":[{"href":"https:\/\/urgentactionsisterfunds.org\/pt-br\/wp-json\/wp\/v2\/types\/page"}],"author":[{"embeddable":true,"href":"https:\/\/urgentactionsisterfunds.org\/pt-br\/wp-json\/wp\/v2\/users\/2"}],"replies":[{"embeddable":true,"href":"https:\/\/urgentactionsisterfunds.org\/pt-br\/wp-json\/wp\/v2\/comments?post=1327"}],"version-history":[{"count":30,"href":"https:\/\/urgentactionsisterfunds.org\/pt-br\/wp-json\/wp\/v2\/pages\/1327\/revisions"}],"predecessor-version":[{"id":2159,"href":"https:\/\/urgentactionsisterfunds.org\/pt-br\/wp-json\/wp\/v2\/pages\/1327\/revisions\/2159"}],"wp:attachment":[{"href":"https:\/\/urgentactionsisterfunds.org\/pt-br\/wp-json\/wp\/v2\/media?parent=1327"}],"curies":[{"name":"wp","href":"https:\/\/api.w.org\/{rel}","templated":true}]}}